{"id":2749,"date":"2019-11-26T13:01:00","date_gmt":"2019-11-26T13:01:00","guid":{"rendered":"https:\/\/wandern-mit-uwe.de\/blog\/?page_id=2749"},"modified":"2024-01-18T11:08:26","modified_gmt":"2024-01-18T11:08:26","slug":"das-wandern-an-der-algarve","status":"publish","type":"page","link":"https:\/\/wandern-mit-uwe.de\/blog\/","title":{"rendered":"Wandern an der Algarve"},"content":{"rendered":"<h1>Wandern an der Algarve<\/h1>\n<p>Wandern an der Algarve oder doch lieber am Strand liegen bleiben???<\/p>\n<p>Besonders an der Algarve wird das Wandern immer beliebter. Neben den einzigartigen Str\u00e4nden solltest Du auch einmal die Steilk\u00fcsten oder das Hinterland w\u00e4hrend einer kleinen Wanderung erforschen.<\/p>\n<p>Aber bevor ich hier lange herumrede, wie toll das Wandern an der Algarve und meine Wanderungen sind, schau Dir lieber dieses kurze Video an!<\/p>\n<div class=\"videos\">\n<div class=\"youtube-player\" data-id=\"3ScB6wGIiFA\"><\/div>\n<p class=\"videoschatten\"><img decoding=\"async\" loading=\"lazy\" class=\"img-vschatten\" src=\"https:\/\/wandern-mit-uwe.de\/blog\/wp-content\/uploads\/2022\/12\/schatten-3d-3-640px.webp\" title=\"nur ein Schatten\" alt=\"nur ein Schatten\" width=\"640\" height=\"77\"><\/p>\n<\/div>\n<p>Ich m\u00f6chte Dich zun\u00e4chst ermutigen an der <a target=\"_blank\" rel=\"noopener noreferrer\" href=\"https:\/\/wandern-mit-uwe.de\/gefuehrte-wanderung-in-monchique-zum-picota\/\" title=\"Informationswanderung um Land und Leute kennenzulernen\">Informationswanderung<\/a> in der Serra de Monchique teilzunehmen. Denn hierbei erf\u00e4hrst Du viele verschiedene Dinge, z.B. \u00fcber das Leben der Portugiesen in dieser Region. Nicht nur das sind Infos, die Du mit Sicherheit in keinem Reisef\u00fchrer finden wirst!<\/p>\n<p>In dem <a href=\"#video\" title=\"Direkt zum Video\">Video ganz unten<\/a> auf dieser Seite bekommst Du einen kleinen Einblick wie diese gef\u00fchrte Wanderung im Hinterland der Algarve aussehen kann.<\/p>\n<h2 data-aos=\"zoom-in\" data-aos-duration=\"500\">Was passiert beim Wandern?<\/h2>\n<p>Sicher kennst Du aus Deiner Kindheit auch noch den Sonntagsspaziergang oder den Sonntagsausflug!? Statt die Zeit vor dem Fernseher oder am Computer zu verbringen gingen viele Familien im Wald spazieren, wanderten um einen See oder auf einen hoch gelegen Punkt.<\/p>\n<div class=\"vollbild\">\n<picture><source srcset=\"https:\/\/wandern-mit-uwe.de\/blog\/wp-content\/uploads\/2022\/12\/Algarve-Wandern-Wanderwoche-Monchique-Picota-110.webp\" type=\"image\/webp\"><img decoding=\"async\" loading=\"lazy\" class=\"img-big\" title=\"Aussicht vom Picota Gipfel\" src=\"https:\/\/wandern-mit-uwe.de\/blog\/wp-content\/uploads\/2019\/09\/Algarve-Wandern-Wanderwoche-Monchique-Picota-110.jpg\" alt=\"Wandern an der Algarve, Aussicht vom Picota Gipfel\" width=\"640\" height=\"353\">\n<\/picture>\n<\/div>\n<p>Fr\u00fcher waren wir uns vielleicht nicht bewusst, welcher Wert hinter diesen wenigen Stunden Bewegung an der frischen Luft steckte. Heute wissen wir aufgrund moderner Studien viel mehr um die positiven Effekte durch das Bewegen in der Natur als wir bewusst wahrnehmen.<\/p>\n<p>W\u00e4hrend des Wanderns werden Stresshormone abgebaut, Zellen werden mit Sauerstoff angereichert und Selbstheilungskr\u00e4fte aktiviert. Die Farbe Gr\u00fcn beruhigt ganz unbewusst, das Tageslicht hat positiven Einfluss auf unsere Zellen \u2026.<\/p>\n<p>Du wirst mir sicherlich recht geben, die Bewegung in der Natur tut K\u00f6rper, Geist und Seele gut. Insofern wird das Wandern und nicht nur an der Algarve immer beliebter, denn immer mehr Menschen erkennen diese wohltuende Tatsache.<\/p>\n<h2>Wandern an der Algarve, gef\u00fchrte Wanderungen<\/h2>\n<p>Mein Name ist Uwe Schemionek, ich lebe seit 1993 permanent an der Algarve und davon die ersten 13 Jahre unter den Bergbauern in der Serra de Monchique. Das ist eine einzigartige Gebirgslandschaft n\u00f6rdlich der Algarve.<\/p>\n<div class=\"vollbild\">\n<picture><source srcset=\"https:\/\/wandern-mit-uwe.de\/blog\/wp-content\/uploads\/2022\/12\/Algarve-Wandern-Wanderwoche-Monchique-Picota-165.webp\" type=\"image\/webp\"><img decoding=\"async\" loading=\"lazy\" class=\"img-big\" title=\"Bergbauern beim Wandern im Hinterland der Algarve\" src=\"https:\/\/wandern-mit-uwe.de\/blog\/wp-content\/uploads\/2019\/09\/Algarve-Wandern-Wanderwoche-Monchique-Picota-165.jpg\" alt=\"Wandern an der Algarve, Bergbauern bei einer Wanderung\" width=\"640\" height=\"472\">\n<\/picture>\n<\/div>\n<p>Mein Herz h\u00e4ngt an dieser Gegend. Nicht nur wegen dem milden <a href=\"https:\/\/wandern-mit-uwe.de\/blog\/klima-und-wetter-der-algarve\/\" title=\"Allgemeine Infos zum Wetter und Klimazonen der Algarve\">Klima<\/a>, oder der \u00fcppigen <a target=\"_blank\" rel=\"noopener noreferrer\" href=\"https:\/\/wandern-mit-uwe.de\/pflanzen-oder-flora-der-algarve\/\" title=\"Flora der Algarve\">Pflanzenvielfalt.<\/a> Auch nicht wegen der Stille in der abgelegenen Gebirgsregion, sondern auch wegen der Mentalit\u00e4t der portugiesischen Bauern, unter denen ich viele Jahre lebte.<\/p>\n<p>Bei meinen <a target=\"_blank\" rel=\"noopener noreferrer\" href=\"https:\/\/wandern-mit-uwe.de\/uebersicht-der-schoensten-algarve-wanderungen\/\" title=\"Zur Kurzbeschreibung der 12 sch\u00f6nsten Wanderungen\">Wanderungen durch die Algarve<\/a> m\u00f6chte ich Dir gerne von meinem Wissen und meinen Erfahrungen so viel wie m\u00f6glich mitgeben, in dem ich Dich an Orte f\u00fchre, die zum Teil in keinem Reisef\u00fchrer stehen, Dir die Pflanzen- <img decoding=\"async\" loading=\"lazy\" class=\"img-left\" title=\"Flora der Algarve\" src=\"https:\/\/wandern-mit-uwe.de\/blog\/wp-content\/uploads\/2019\/09\/Algarve-Wandern-Wanderwoche-Monchique-Picota-180.jpg\" alt=\"Foto-Flora Algarve\" width=\"285\" height=\"214\">und <a target=\"_blank\" rel=\"noopener noreferrer\" href=\"https:\/\/wandern-mit-uwe.de\/tiere-oder-fauna-der-algarve\/\" title=\"Tiere oder Fauna der Algarve\">Tierwelt<\/a> n\u00e4her bringe und Dir auch einiges vom Leben der Menschen in dieser Region erz\u00e4hle.<\/p>\n<p>Denn nur wer dieses Wissen hat, kann ein St\u00fcck das Leben in dieser Region nachvollziehen. Gerne zeige ich Dir und Deiner Familie eine f\u00fcr viele Menschen unbekannte Welt.<\/p>\n<h2 data-aos=\"zoom-in\" data-aos-duration=\"500\">Das Wandern unterliegt einem Imagewandel<\/h2>\n<p>Wandern und das nicht nur an der Algarve, hat in den letzten Jahren einen positiven Imagewandel erfahren. Statt stramm gehen ist heutzutage vor allem Landschaftsgenuss angesagt. Kilometer fressen ist out, viele suchen positive Erlebnisse bei den Wanderungen.<\/p>\n<p>Eine sportliche Leistung steht beim Wandern also nicht mehr im Vordergrund. Es ist eher das Ausbrechen aus dem Alltag. Entspannung suchen, oder wie viele einfach sagen, die Natur genie\u00dfen und sich dabei wohlf\u00fchlen. Heutzutage ist das Wandern die meist ausge\u00fcbte Freizeitaktivit\u00e4t.<\/p>\n<p>Diesem Wandel m\u00f6chte ich gerecht werden! Deshalb f\u00fcgen sich meine<img decoding=\"async\" loading=\"lazy\" class=\"img-right\" title=\"Auf dem Gipfel vom Picota\" src=\"https:\/\/wandern-mit-uwe.de\/blog\/wp-content\/uploads\/2019\/09\/Algarve-Wandern-Wanderwoche-Monchique-Picota-105.jpg\" alt=\"Foto Auf dem Gipfel vom Picota\" width=\"285\" height=\"214\"> <a target=\"_blank\" rel=\"noopener noreferrer\" href=\"https:\/\/wandern-mit-uwe.de\/uebersicht-der-schoensten-algarve-wanderungen\/\" title=\"\u00dcbersicht der sch\u00f6nsten Algarve Wanderungen\">sch\u00f6nsten Wanderungen<\/a> hervorragend in diesen Trend ein.<\/p>\n<p>F\u00fcr viele meiner bisherigen G\u00e4ste war eine Wanderung ein, oder sogar das Highlight w\u00e4hrend ihres Portugal <a target=\"_blank\" rel=\"noopener noreferrer\" href=\"https:\/\/wandern-mit-uwe.de\/wanderreisen-portugal-algarve-termine\/\" title=\"Alle Infos zum Pauschalangebot Wanderreisen Algarve\">Algarve Urlaubs.<\/a> Eben der besondere Urlaubstag, wie Du auch immer wieder in meinen <a title=\"Feedback\/Referenzen Wandern mit Uwe\" href=\"https:\/\/wandern-mit-uwe.de\/blog\/referenzen-wandern-mit-uwe\/\">Referenzen nachlesen<\/a> kannst.<\/p>\n<p>Wenn es Dich interessiert, einige meiner G\u00e4ste haben auch ihre Bewertungen \u00fcber mich und die Wanderungen, an denen sie teilgenommen haben, bei <a target=\"_blank\" rel=\"noopener noreferrer\" href=\"https:\/\/www.google.com\/maps\/place\/Wandern+mit+Uwe+Schemionek\/@37.170558,-9.1225034,9z\/data=!4m7!3m6!1s0x0:0x22052ac2c3dd48f!8m2!3d37.1718777!4d-8.562061!9m1!1b1\" title=\"Bewertungen\/Feedback bei Google Maps einsehen\">Google Maps<\/a> hinterlassen.<\/p>\n<p>Ich m\u00f6chte Dich und Deine Familie recht herzlich einladen und freue mich darauf Euch bei einer meiner gef\u00fchrten Wanderungen kennenzulernen.<\/p>\n<p>Euer <a target=\"_blank\" rel=\"noopener noreferrer\" href=\"https:\/\/wandern-mit-uwe.de\/wanderfuehrer-algarve-kontakt\/\" title=\"Kontakt und Infos zum Wanderf\u00fchrer\">Wanderf\u00fchrer<\/a> f\u00fcr die Algarve Uwe Schemionek<\/p>\n<p id=\"video\" class=\"text-vids\">Hier sind einige Impressionen von der Informationswanderung auf den Picota.<\/p>\n<div class=\"videos\">\n<div class=\"youtube-player\" data-id=\"mIARpVlyBYY\"><\/div>\n<p class=\"videoschatten\"><img decoding=\"async\" loading=\"lazy\" class=\"img-vschatten\" src=\"https:\/\/wandern-mit-uwe.de\/blog\/wp-content\/uploads\/2022\/12\/schatten-3d-3-640px.webp\" title=\"nur ein Schatten\" alt=\"nur ein Schatten\" width=\"640\" height=\"77\"><\/p>\n<\/div>\n","protected":false},"excerpt":{"rendered":"<p>Wandern an der Algarve Wandern an der Algarve oder doch lieber am Strand liegen bleiben??? Besonders an der Algarve wird das Wandern immer beliebter. Neben den einzigartigen Str\u00e4nden solltest Du auch einmal die Steilk\u00fcsten oder das Hinterland w\u00e4hrend einer kleinen Wanderung erforschen. Aber bevor ich hier lange herumrede, wie toll das Wandern an der Algarve &#8230; <a title=\"Wandern an der Algarve\" class=\"read-more\" href=\"https:\/\/wandern-mit-uwe.de\/blog\/\" aria-label=\"Mehr Informationen \u00fcber Wandern an der Algarve\">Weiterlesen<\/a><\/p>\n","protected":false},"author":2,"featured_media":274,"parent":0,"menu_order":0,"comment_status":"closed","ping_status":"closed","template":"","meta":{"footnotes":""},"class_list":["post-2749","page","type-page","status-publish","has-post-thumbnail"],"yoast_head":"<!-- This site is optimized with the Yoast SEO plugin v27.4 - https:\/\/yoast.com\/product\/yoast-seo-wordpress\/ -->\n<title>Wandern an der Algarve wird immer beliebter - Algarve Blog<\/title>\n<meta name=\"description\" content=\"Wandern an der Algarve, oder doch lieber am Strand liegen bleiben? Bevor ich hier lange herumrede, schau Dir lieber dieses kurze Video an!\" \/>\n<meta name=\"robots\" content=\"index, follow, max-snippet:-1, max-image-preview:large, max-video-preview:-1\" \/>\n<link rel=\"canonical\" href=\"https:\/\/wandern-mit-uwe.de\/blog\/\" \/>\n<meta property=\"og:locale\" content=\"de_DE\" \/>\n<meta property=\"og:type\" content=\"article\" \/>\n<meta property=\"og:title\" content=\"Wandern an der Algarve wird immer beliebter - Algarve Blog\" \/>\n<meta property=\"og:description\" content=\"Wandern an der Algarve, oder doch lieber am Strand liegen bleiben? Bevor ich hier lange herumrede, schau Dir lieber dieses kurze Video an!\" \/>\n<meta property=\"og:url\" content=\"https:\/\/wandern-mit-uwe.de\/blog\/\" \/>\n<meta property=\"og:site_name\" content=\"Algarve Blog\" \/>\n<meta property=\"article:publisher\" content=\"https:\/\/de-de.facebook.com\/pages\/category\/Local-Service\/Wandern-mit-Uwe-114034465327901\/\" \/>\n<meta property=\"article:modified_time\" content=\"2024-01-18T11:08:26+00:00\" \/>\n<meta property=\"og:image\" content=\"https:\/\/wandern-mit-uwe.de\/blog\/wp-content\/uploads\/2019\/09\/Algarve-Wandern-Wanderwoche-Monchique-Picota-165.jpg\" \/>\n\t<meta property=\"og:image:width\" content=\"640\" \/>\n\t<meta property=\"og:image:height\" content=\"472\" \/>\n\t<meta property=\"og:image:type\" content=\"image\/jpeg\" \/>\n<meta name=\"twitter:card\" content=\"summary_large_image\" \/>\n<meta name=\"twitter:site\" content=\"@uweportugal\" \/>\n<meta name=\"twitter:label1\" content=\"Gesch\u00e4tzte Lesezeit\" \/>\n\t<meta name=\"twitter:data1\" content=\"3\u00a0Minuten\" \/>\n<script type=\"application\/ld+json\" class=\"yoast-schema-graph\">{\"@context\":\"https:\\\/\\\/schema.org\",\"@graph\":[{\"@type\":\"WebPage\",\"@id\":\"https:\\\/\\\/wandern-mit-uwe.de\\\/blog\\\/\",\"url\":\"https:\\\/\\\/wandern-mit-uwe.de\\\/blog\\\/\",\"name\":\"Wandern an der Algarve wird immer beliebter - Algarve Blog\",\"isPartOf\":{\"@id\":\"https:\\\/\\\/wandern-mit-uwe.de\\\/blog\\\/#website\"},\"primaryImageOfPage\":{\"@id\":\"https:\\\/\\\/wandern-mit-uwe.de\\\/blog\\\/#primaryimage\"},\"image\":{\"@id\":\"https:\\\/\\\/wandern-mit-uwe.de\\\/blog\\\/#primaryimage\"},\"thumbnailUrl\":\"https:\\\/\\\/wandern-mit-uwe.de\\\/blog\\\/wp-content\\\/uploads\\\/2019\\\/09\\\/Algarve-Wandern-Wanderwoche-Monchique-Picota-165.jpg\",\"datePublished\":\"2019-11-26T13:01:00+00:00\",\"dateModified\":\"2024-01-18T11:08:26+00:00\",\"description\":\"Wandern an der Algarve, oder doch lieber am Strand liegen bleiben? Bevor ich hier lange herumrede, schau Dir lieber dieses kurze Video an!\",\"inLanguage\":\"de\",\"potentialAction\":[{\"@type\":\"ReadAction\",\"target\":[\"https:\\\/\\\/wandern-mit-uwe.de\\\/blog\\\/\"]}]},{\"@type\":\"ImageObject\",\"inLanguage\":\"de\",\"@id\":\"https:\\\/\\\/wandern-mit-uwe.de\\\/blog\\\/#primaryimage\",\"url\":\"https:\\\/\\\/wandern-mit-uwe.de\\\/blog\\\/wp-content\\\/uploads\\\/2019\\\/09\\\/Algarve-Wandern-Wanderwoche-Monchique-Picota-165.jpg\",\"contentUrl\":\"https:\\\/\\\/wandern-mit-uwe.de\\\/blog\\\/wp-content\\\/uploads\\\/2019\\\/09\\\/Algarve-Wandern-Wanderwoche-Monchique-Picota-165.jpg\",\"width\":640,\"height\":472,\"caption\":\"Algarve-Wandern-Wanderwoche-Monchique-Picota-165\"},{\"@type\":\"WebSite\",\"@id\":\"https:\\\/\\\/wandern-mit-uwe.de\\\/blog\\\/#website\",\"url\":\"https:\\\/\\\/wandern-mit-uwe.de\\\/blog\\\/\",\"name\":\"Algarve Blog\",\"description\":\"Wandern, Sehensw\u00fcrdigkeiten, Str\u00e4nde, Wetter, Geschichte und Geschichten zur Algarve\",\"publisher\":{\"@id\":\"https:\\\/\\\/wandern-mit-uwe.de\\\/blog\\\/#organization\"},\"potentialAction\":[{\"@type\":\"SearchAction\",\"target\":{\"@type\":\"EntryPoint\",\"urlTemplate\":\"https:\\\/\\\/wandern-mit-uwe.de\\\/blog\\\/?s={search_term_string}\"},\"query-input\":{\"@type\":\"PropertyValueSpecification\",\"valueRequired\":true,\"valueName\":\"search_term_string\"}}],\"inLanguage\":\"de\"},{\"@type\":\"Organization\",\"@id\":\"https:\\\/\\\/wandern-mit-uwe.de\\\/blog\\\/#organization\",\"name\":\"Wandern mit Uwe\",\"url\":\"https:\\\/\\\/wandern-mit-uwe.de\\\/blog\\\/\",\"logo\":{\"@type\":\"ImageObject\",\"inLanguage\":\"de\",\"@id\":\"https:\\\/\\\/wandern-mit-uwe.de\\\/blog\\\/#\\\/schema\\\/logo\\\/image\\\/\",\"url\":\"https:\\\/\\\/wandern-mit-uwe.de\\\/blog\\\/wp-content\\\/uploads\\\/2019\\\/08\\\/4Gecko.png\",\"contentUrl\":\"https:\\\/\\\/wandern-mit-uwe.de\\\/blog\\\/wp-content\\\/uploads\\\/2019\\\/08\\\/4Gecko.png\",\"width\":75,\"height\":75,\"caption\":\"Wandern mit Uwe\"},\"image\":{\"@id\":\"https:\\\/\\\/wandern-mit-uwe.de\\\/blog\\\/#\\\/schema\\\/logo\\\/image\\\/\"},\"sameAs\":[\"https:\\\/\\\/de-de.facebook.com\\\/pages\\\/category\\\/Local-Service\\\/Wandern-mit-Uwe-114034465327901\\\/\",\"https:\\\/\\\/x.com\\\/uweportugal\",\"https:\\\/\\\/pt.linkedin.com\\\/in\\\/uwe-schemionek-88560779?trk=author_mini-profile_title\",\"https:\\\/\\\/www.pinterest.de\\\/uschemionek\\\/\",\"https:\\\/\\\/www.youtube.com\\\/channel\\\/UCAH1t267D6VU2cS-NQ0rCHA\",\"https:\\\/\\\/www.youtube.com\\\/@UweSchemionek\\\/videos\"]}]}<\/script>\n<!-- \/ Yoast SEO plugin. -->","yoast_head_json":{"title":"Wandern an der Algarve wird immer beliebter - Algarve Blog","description":"Wandern an der Algarve, oder doch lieber am Strand liegen bleiben? Bevor ich hier lange herumrede, schau Dir lieber dieses kurze Video an!","robots":{"index":"index","follow":"follow","max-snippet":"max-snippet:-1","max-image-preview":"max-image-preview:large","max-video-preview":"max-video-preview:-1"},"canonical":"https:\/\/wandern-mit-uwe.de\/blog\/","og_locale":"de_DE","og_type":"article","og_title":"Wandern an der Algarve wird immer beliebter - Algarve Blog","og_description":"Wandern an der Algarve, oder doch lieber am Strand liegen bleiben? Bevor ich hier lange herumrede, schau Dir lieber dieses kurze Video an!","og_url":"https:\/\/wandern-mit-uwe.de\/blog\/","og_site_name":"Algarve Blog","article_publisher":"https:\/\/de-de.facebook.com\/pages\/category\/Local-Service\/Wandern-mit-Uwe-114034465327901\/","article_modified_time":"2024-01-18T11:08:26+00:00","og_image":[{"width":640,"height":472,"url":"https:\/\/wandern-mit-uwe.de\/blog\/wp-content\/uploads\/2019\/09\/Algarve-Wandern-Wanderwoche-Monchique-Picota-165.jpg","type":"image\/jpeg"}],"twitter_card":"summary_large_image","twitter_site":"@uweportugal","twitter_misc":{"Gesch\u00e4tzte Lesezeit":"3\u00a0Minuten"},"schema":{"@context":"https:\/\/schema.org","@graph":[{"@type":"WebPage","@id":"https:\/\/wandern-mit-uwe.de\/blog\/","url":"https:\/\/wandern-mit-uwe.de\/blog\/","name":"Wandern an der Algarve wird immer beliebter - Algarve Blog","isPartOf":{"@id":"https:\/\/wandern-mit-uwe.de\/blog\/#website"},"primaryImageOfPage":{"@id":"https:\/\/wandern-mit-uwe.de\/blog\/#primaryimage"},"image":{"@id":"https:\/\/wandern-mit-uwe.de\/blog\/#primaryimage"},"thumbnailUrl":"https:\/\/wandern-mit-uwe.de\/blog\/wp-content\/uploads\/2019\/09\/Algarve-Wandern-Wanderwoche-Monchique-Picota-165.jpg","datePublished":"2019-11-26T13:01:00+00:00","dateModified":"2024-01-18T11:08:26+00:00","description":"Wandern an der Algarve, oder doch lieber am Strand liegen bleiben? Bevor ich hier lange herumrede, schau Dir lieber dieses kurze Video an!","inLanguage":"de","potentialAction":[{"@type":"ReadAction","target":["https:\/\/wandern-mit-uwe.de\/blog\/"]}]},{"@type":"ImageObject","inLanguage":"de","@id":"https:\/\/wandern-mit-uwe.de\/blog\/#primaryimage","url":"https:\/\/wandern-mit-uwe.de\/blog\/wp-content\/uploads\/2019\/09\/Algarve-Wandern-Wanderwoche-Monchique-Picota-165.jpg","contentUrl":"https:\/\/wandern-mit-uwe.de\/blog\/wp-content\/uploads\/2019\/09\/Algarve-Wandern-Wanderwoche-Monchique-Picota-165.jpg","width":640,"height":472,"caption":"Algarve-Wandern-Wanderwoche-Monchique-Picota-165"},{"@type":"WebSite","@id":"https:\/\/wandern-mit-uwe.de\/blog\/#website","url":"https:\/\/wandern-mit-uwe.de\/blog\/","name":"Algarve Blog","description":"Wandern, Sehensw\u00fcrdigkeiten, Str\u00e4nde, Wetter, Geschichte und Geschichten zur Algarve","publisher":{"@id":"https:\/\/wandern-mit-uwe.de\/blog\/#organization"},"potentialAction":[{"@type":"SearchAction","target":{"@type":"EntryPoint","urlTemplate":"https:\/\/wandern-mit-uwe.de\/blog\/?s={search_term_string}"},"query-input":{"@type":"PropertyValueSpecification","valueRequired":true,"valueName":"search_term_string"}}],"inLanguage":"de"},{"@type":"Organization","@id":"https:\/\/wandern-mit-uwe.de\/blog\/#organization","name":"Wandern mit Uwe","url":"https:\/\/wandern-mit-uwe.de\/blog\/","logo":{"@type":"ImageObject","inLanguage":"de","@id":"https:\/\/wandern-mit-uwe.de\/blog\/#\/schema\/logo\/image\/","url":"https:\/\/wandern-mit-uwe.de\/blog\/wp-content\/uploads\/2019\/08\/4Gecko.png","contentUrl":"https:\/\/wandern-mit-uwe.de\/blog\/wp-content\/uploads\/2019\/08\/4Gecko.png","width":75,"height":75,"caption":"Wandern mit Uwe"},"image":{"@id":"https:\/\/wandern-mit-uwe.de\/blog\/#\/schema\/logo\/image\/"},"sameAs":["https:\/\/de-de.facebook.com\/pages\/category\/Local-Service\/Wandern-mit-Uwe-114034465327901\/","https:\/\/x.com\/uweportugal","https:\/\/pt.linkedin.com\/in\/uwe-schemionek-88560779?trk=author_mini-profile_title","https:\/\/www.pinterest.de\/uschemionek\/","https:\/\/www.youtube.com\/channel\/UCAH1t267D6VU2cS-NQ0rCHA","https:\/\/www.youtube.com\/@UweSchemionek\/videos"]}]}},"_links":{"self":[{"href":"https:\/\/wandern-mit-uwe.de\/blog\/wp-json\/wp\/v2\/pages\/2749","targetHints":{"allow":["GET"]}}],"collection":[{"href":"https:\/\/wandern-mit-uwe.de\/blog\/wp-json\/wp\/v2\/pages"}],"about":[{"href":"https:\/\/wandern-mit-uwe.de\/blog\/wp-json\/wp\/v2\/types\/page"}],"author":[{"embeddable":true,"href":"https:\/\/wandern-mit-uwe.de\/blog\/wp-json\/wp\/v2\/users\/2"}],"replies":[{"embeddable":true,"href":"https:\/\/wandern-mit-uwe.de\/blog\/wp-json\/wp\/v2\/comments?post=2749"}],"version-history":[{"count":0,"href":"https:\/\/wandern-mit-uwe.de\/blog\/wp-json\/wp\/v2\/pages\/2749\/revisions"}],"wp:featuredmedia":[{"embeddable":true,"href":"https:\/\/wandern-mit-uwe.de\/blog\/wp-json\/wp\/v2\/media\/274"}],"wp:attachment":[{"href":"https:\/\/wandern-mit-uwe.de\/blog\/wp-json\/wp\/v2\/media?parent=2749"}],"curies":[{"name":"wp","href":"https:\/\/api.w.org\/{rel}","templated":true}]}}